{"id":360,"date":"2025-04-19T10:09:44","date_gmt":"2025-04-19T10:09:44","guid":{"rendered":"http:\/\/kineseologi-pernillehammer.dk\/?page_id=360"},"modified":"2026-03-17T14:11:52","modified_gmt":"2026-03-17T14:11:52","slug":"behandlinger","status":"publish","type":"page","link":"https:\/\/kineseologi-pernillehammer.dk\/?page_id=360","title":{"rendered":"Behandlinger"},"content":{"rendered":"<p>[et_pb_section fb_built=&#8221;1&#8243; admin_label=&#8221;Call to Action&#8221; _builder_version=&#8221;4.27.4&#8243; _module_preset=&#8221;default&#8221; custom_padding=&#8221;0px||0px||true|&#8221; collapsed=&#8221;off&#8221; global_colors_info=&#8221;{}&#8221;][et_pb_row column_structure=&#8221;1_2,1_2&#8243; use_custom_gutter=&#8221;on&#8221; gutter_width=&#8221;1&#8243; make_equal=&#8221;on&#8221; _builder_version=&#8221;4.27.4&#8243; _module_preset=&#8221;default&#8221; width=&#8221;100%&#8221; max_width=&#8221;none&#8221; custom_padding=&#8221;31px||31px||true|false&#8221; locked=&#8221;off&#8221; global_colors_info=&#8221;{}&#8221;][et_pb_column type=&#8221;1_2&#8243; _builder_version=&#8221;4.27.4&#8243; _module_preset=&#8221;default&#8221; background_color=&#8221;#FFFFFF&#8221; custom_padding=&#8221;8%|10%|8%|10%|true|true&#8221; global_colors_info=&#8221;{}&#8221;][et_pb_heading title=&#8221;Tr\u00e6t, energil\u00f8s og uforklarlige smerter i kroppen?&#8221; _builder_version=&#8221;4.27.4&#8243; _module_preset=&#8221;16f985ee-26de-459e-8869-bd8ba12850ac&#8221; title_font_size=&#8221;20px&#8221; custom_margin=&#8221;||20px||false|false&#8221; global_colors_info=&#8221;{}&#8221;][\/et_pb_heading][et_pb_text _builder_version=&#8221;4.27.4&#8243; _module_preset=&#8221;default&#8221; custom_margin=&#8221;||30px||false|false&#8221; global_colors_info=&#8221;{}&#8221;]<\/p>\n<p>Kinesiologi kan hj\u00e6lpe dig med at finde \u00e5rsagen. Skriv en besked s\u00e5 kontakter jeg dig med en tid.\u00a0<\/p>\n<p>[\/et_pb_text][et_pb_blurb title=&#8221;Kinesiologi Behandlinger&#8221; url=&#8221;https:\/\/danskekinesiologer.dk\/&#8221; image=&#8221;http:\/\/kineseologi-pernillehammer.dk\/wp-content\/uploads\/2025\/04\/logo-kinesiologi-pernille-hammer.png&#8221; image_icon_width=&#8221;128px&#8221; _builder_version=&#8221;4.27.4&#8243; _module_preset=&#8221;_initial&#8221; header_font=&#8221;Merriweather|700|||||||&#8221; header_text_color=&#8221;gcid-c89f5116-e22d-4a85-9acd-d2301e8087e7&#8243; header_font_size=&#8221;24px&#8221; header_line_height=&#8221;1.4em&#8221; body_line_height=&#8221;1.6em&#8221; text_orientation=&#8221;center&#8221; header_font_size_tablet=&#8221;24px&#8221; header_font_size_phone=&#8221;15px&#8221; header_font_size_last_edited=&#8221;on|phone&#8221; locked=&#8221;off&#8221; global_colors_info=&#8221;{%22gcid-cc1e7daa-e7a2-44d1-a6d4-86221a549f5c%22:%91%22link_text_color%22,%22link_text_color%22%93,%22gcid-c89f5116-e22d-4a85-9acd-d2301e8087e7%22:%91%22header_4_text_color%22,%22header_4_text_color%22,%22header_text_color%22%93}&#8221; body_text_color__hover=&#8221;#666666&#8243; body_text_color__hover_enabled=&#8221;off|desktop&#8221;]<\/p>\n<p>,\u00a0<\/p>\n<p><span>Vores krop\u00b4s celler har\u00a0 hukommelse og husker alt, hvad der er sket i dit liv. <\/span><span>Belastende oplevelser, traumer hvad enten det er via ulykker, tab og sorg s\u00e5 husker kroppens celler og bindev\u00e6v,\u00a0 dette kan give kroniske ubalancer i vores system.\u00a0<\/span><\/p>\n<p><span>Muskeltesten giver svar p\u00e5 hvorfor kroppen larmer- uden om hjernen og det talte sprog.<\/span><span><\/span><\/p>\n<p><span><\/span><\/p>\n<p>Det er din krop der bestemmer, hvor meget information du er parat til at arbejde med. Du vil v\u00e6re i trygge h\u00e6nder og muskeltestningen er en blid behandling.\u00a0<\/p>\n<p>Udover kinesiolog er jeg ogs\u00e5 erfaren sygeplejerske,\u00a0 kostvejleder og vil inddrage dine eventuelle sygdomme og kosten i forl\u00f8bet.<\/p>\n<p>Jeg kan teste for kosttilskud, om der er mangler og bruger st\u00f8ttende hj\u00e6lp fra Homeopati og Bachs blomster medicin.<\/p>\n<p>\u00a0Som Kinesiolog\u00a0 har jeg efterh\u00e5nden en stor v\u00e6rkt\u00f8jskasse af forskellige afbalancerings metoder som jeg finder via muskeltest den behandling, som vil passe dig.\u00a0<\/p>\n<p>Jeg anbefaler et forl\u00f8b p\u00e5 3-4 behandlinger for den\u00a0 fulde effekt da der tit er flere problematikker at arbejde med.<\/p>\n<p>&nbsp;<\/p>\n<p>&nbsp;<\/p>\n<p>&nbsp;<\/p>\n<p>&nbsp;<\/p>\n<p>[\/et_pb_blurb][\/et_pb_column][et_pb_column type=&#8221;1_2&#8243; _builder_version=&#8221;4.27.4&#8243; _module_preset=&#8221;default&#8221; background_image=&#8221;http:\/\/kineseologi-pernillehammer.dk\/wp-content\/uploads\/2025\/04\/IMG_6312.jpeg&#8221; parallax=&#8221;on&#8221; global_colors_info=&#8221;{}&#8221;][et_pb_divider show_divider=&#8221;off&#8221; _builder_version=&#8221;4.27.4&#8243; _module_preset=&#8221;default&#8221; height_tablet=&#8221;40vw&#8221; height_phone=&#8221;40vw&#8221; height_last_edited=&#8221;on|desktop&#8221; locked=&#8221;off&#8221; global_colors_info=&#8221;{}&#8221;][\/et_pb_divider][\/et_pb_column][\/et_pb_row][et_pb_row _builder_version=&#8221;4.27.4&#8243; _module_preset=&#8221;default&#8221; global_colors_info=&#8221;{}&#8221;][et_pb_column type=&#8221;4_4&#8243; _builder_version=&#8221;4.27.4&#8243; _module_preset=&#8221;default&#8221; global_colors_info=&#8221;{}&#8221;][\/et_pb_column][\/et_pb_row][\/et_pb_section]<\/p>\n","protected":false},"excerpt":{"rendered":"<p>Kinesiologi kan hj\u00e6lpe dig med at finde \u00e5rsagen. Skriv en besked s\u00e5 kontakter jeg dig med en tid.\u00a0,\u00a0 Vores krop\u00b4s celler har\u00a0 hukommelse og husker alt, hvad der er sket i dit liv. Belastende oplevelser, traumer hvad enten det er via ulykker, tab og sorg s\u00e5 husker kroppens celler og bindev\u00e6v,\u00a0 dette kan give kroniske [&hellip;]<\/p>\n","protected":false},"author":1,"featured_media":0,"parent":0,"menu_order":0,"comment_status":"closed","ping_status":"closed","template":"","meta":{"_et_pb_use_builder":"on","_et_pb_old_content":"","_et_gb_content_width":"","footnotes":""},"class_list":["post-360","page","type-page","status-publish","hentry"],"yoast_head":"<!-- This site is optimized with the Yoast SEO plugin v27.1.1 - https:\/\/yoast.com\/product\/yoast-seo-wordpress\/ -->\n<title>Behandlinger - Kinesiologi ved Pernille Hammer<\/title>\n<meta name=\"robots\" content=\"index, follow, max-snippet:-1, max-image-preview:large, max-video-preview:-1\" \/>\n<link rel=\"canonical\" href=\"https:\/\/kineseologi-pernillehammer.dk\/?page_id=360\" \/>\n<meta property=\"og:locale\" content=\"da_DK\" \/>\n<meta property=\"og:type\" content=\"article\" \/>\n<meta property=\"og:title\" content=\"Behandlinger - Kinesiologi ved Pernille Hammer\" \/>\n<meta property=\"og:description\" content=\"Kinesiologi kan hj\u00e6lpe dig med at finde \u00e5rsagen. Skriv en besked s\u00e5 kontakter jeg dig med en tid.\u00a0,\u00a0 Vores krop\u00b4s celler har\u00a0 hukommelse og husker alt, hvad der er sket i dit liv. Belastende oplevelser, traumer hvad enten det er via ulykker, tab og sorg s\u00e5 husker kroppens celler og bindev\u00e6v,\u00a0 dette kan give kroniske [&hellip;]\" \/>\n<meta property=\"og:url\" content=\"https:\/\/kineseologi-pernillehammer.dk\/?page_id=360\" \/>\n<meta property=\"og:site_name\" content=\"Kinesiologi ved Pernille Hammer\" \/>\n<meta property=\"article:modified_time\" content=\"2026-03-17T14:11:52+00:00\" \/>\n<meta name=\"twitter:card\" content=\"summary_large_image\" \/>\n<meta name=\"twitter:label1\" content=\"Estimeret l\u00e6setid\" \/>\n\t<meta name=\"twitter:data1\" content=\"3 minutter\" \/>\n<script type=\"application\/ld+json\" class=\"yoast-schema-graph\">{\"@context\":\"https:\/\/schema.org\",\"@graph\":[{\"@type\":\"WebPage\",\"@id\":\"https:\/\/kineseologi-pernillehammer.dk\/?page_id=360\",\"url\":\"https:\/\/kineseologi-pernillehammer.dk\/?page_id=360\",\"name\":\"Behandlinger - Kinesiologi ved Pernille Hammer\",\"isPartOf\":{\"@id\":\"https:\/\/kineseologi-pernillehammer.dk\/#website\"},\"datePublished\":\"2025-04-19T10:09:44+00:00\",\"dateModified\":\"2026-03-17T14:11:52+00:00\",\"breadcrumb\":{\"@id\":\"https:\/\/kineseologi-pernillehammer.dk\/?page_id=360#breadcrumb\"},\"inLanguage\":\"da-DK\",\"potentialAction\":[{\"@type\":\"ReadAction\",\"target\":[\"https:\/\/kineseologi-pernillehammer.dk\/?page_id=360\"]}]},{\"@type\":\"BreadcrumbList\",\"@id\":\"https:\/\/kineseologi-pernillehammer.dk\/?page_id=360#breadcrumb\",\"itemListElement\":[{\"@type\":\"ListItem\",\"position\":1,\"name\":\"Hjem\",\"item\":\"http:\/\/kineseologi-pernillehammer.dk\/\"},{\"@type\":\"ListItem\",\"position\":2,\"name\":\"Behandlinger\"}]},{\"@type\":\"WebSite\",\"@id\":\"https:\/\/kineseologi-pernillehammer.dk\/#website\",\"url\":\"https:\/\/kineseologi-pernillehammer.dk\/\",\"name\":\"Kinesiologi ved Pernille Hammer\",\"description\":\"Kinesiologi Nordjylland\",\"publisher\":{\"@id\":\"https:\/\/kineseologi-pernillehammer.dk\/#organization\"},\"potentialAction\":[{\"@type\":\"SearchAction\",\"target\":{\"@type\":\"EntryPoint\",\"urlTemplate\":\"https:\/\/kineseologi-pernillehammer.dk\/?s={search_term_string}\"},\"query-input\":{\"@type\":\"PropertyValueSpecification\",\"valueRequired\":true,\"valueName\":\"search_term_string\"}}],\"inLanguage\":\"da-DK\"},{\"@type\":\"Organization\",\"@id\":\"https:\/\/kineseologi-pernillehammer.dk\/#organization\",\"name\":\"Kinesiologi ved Pernille Hammer\",\"url\":\"https:\/\/kineseologi-pernillehammer.dk\/\",\"logo\":{\"@type\":\"ImageObject\",\"inLanguage\":\"da-DK\",\"@id\":\"https:\/\/kineseologi-pernillehammer.dk\/#\/schema\/logo\/image\/\",\"url\":\"https:\/\/kineseologi-pernillehammer.dk\/wp-content\/uploads\/2025\/04\/cropped-logo-kinesiologi-pernille-hammer-2.png\",\"contentUrl\":\"https:\/\/kineseologi-pernillehammer.dk\/wp-content\/uploads\/2025\/04\/cropped-logo-kinesiologi-pernille-hammer-2.png\",\"width\":512,\"height\":512,\"caption\":\"Kinesiologi ved Pernille Hammer\"},\"image\":{\"@id\":\"https:\/\/kineseologi-pernillehammer.dk\/#\/schema\/logo\/image\/\"}}]}<\/script>\n<!-- \/ Yoast SEO plugin. -->","yoast_head_json":{"title":"Behandlinger - Kinesiologi ved Pernille Hammer","robots":{"index":"index","follow":"follow","max-snippet":"max-snippet:-1","max-image-preview":"max-image-preview:large","max-video-preview":"max-video-preview:-1"},"canonical":"https:\/\/kineseologi-pernillehammer.dk\/?page_id=360","og_locale":"da_DK","og_type":"article","og_title":"Behandlinger - Kinesiologi ved Pernille Hammer","og_description":"Kinesiologi kan hj\u00e6lpe dig med at finde \u00e5rsagen. Skriv en besked s\u00e5 kontakter jeg dig med en tid.\u00a0,\u00a0 Vores krop\u00b4s celler har\u00a0 hukommelse og husker alt, hvad der er sket i dit liv. Belastende oplevelser, traumer hvad enten det er via ulykker, tab og sorg s\u00e5 husker kroppens celler og bindev\u00e6v,\u00a0 dette kan give kroniske [&hellip;]","og_url":"https:\/\/kineseologi-pernillehammer.dk\/?page_id=360","og_site_name":"Kinesiologi ved Pernille Hammer","article_modified_time":"2026-03-17T14:11:52+00:00","twitter_card":"summary_large_image","twitter_misc":{"Estimeret l\u00e6setid":"3 minutter"},"schema":{"@context":"https:\/\/schema.org","@graph":[{"@type":"WebPage","@id":"https:\/\/kineseologi-pernillehammer.dk\/?page_id=360","url":"https:\/\/kineseologi-pernillehammer.dk\/?page_id=360","name":"Behandlinger - Kinesiologi ved Pernille Hammer","isPartOf":{"@id":"https:\/\/kineseologi-pernillehammer.dk\/#website"},"datePublished":"2025-04-19T10:09:44+00:00","dateModified":"2026-03-17T14:11:52+00:00","breadcrumb":{"@id":"https:\/\/kineseologi-pernillehammer.dk\/?page_id=360#breadcrumb"},"inLanguage":"da-DK","potentialAction":[{"@type":"ReadAction","target":["https:\/\/kineseologi-pernillehammer.dk\/?page_id=360"]}]},{"@type":"BreadcrumbList","@id":"https:\/\/kineseologi-pernillehammer.dk\/?page_id=360#breadcrumb","itemListElement":[{"@type":"ListItem","position":1,"name":"Hjem","item":"http:\/\/kineseologi-pernillehammer.dk\/"},{"@type":"ListItem","position":2,"name":"Behandlinger"}]},{"@type":"WebSite","@id":"https:\/\/kineseologi-pernillehammer.dk\/#website","url":"https:\/\/kineseologi-pernillehammer.dk\/","name":"Kinesiologi ved Pernille Hammer","description":"Kinesiologi Nordjylland","publisher":{"@id":"https:\/\/kineseologi-pernillehammer.dk\/#organization"},"potentialAction":[{"@type":"SearchAction","target":{"@type":"EntryPoint","urlTemplate":"https:\/\/kineseologi-pernillehammer.dk\/?s={search_term_string}"},"query-input":{"@type":"PropertyValueSpecification","valueRequired":true,"valueName":"search_term_string"}}],"inLanguage":"da-DK"},{"@type":"Organization","@id":"https:\/\/kineseologi-pernillehammer.dk\/#organization","name":"Kinesiologi ved Pernille Hammer","url":"https:\/\/kineseologi-pernillehammer.dk\/","logo":{"@type":"ImageObject","inLanguage":"da-DK","@id":"https:\/\/kineseologi-pernillehammer.dk\/#\/schema\/logo\/image\/","url":"https:\/\/kineseologi-pernillehammer.dk\/wp-content\/uploads\/2025\/04\/cropped-logo-kinesiologi-pernille-hammer-2.png","contentUrl":"https:\/\/kineseologi-pernillehammer.dk\/wp-content\/uploads\/2025\/04\/cropped-logo-kinesiologi-pernille-hammer-2.png","width":512,"height":512,"caption":"Kinesiologi ved Pernille Hammer"},"image":{"@id":"https:\/\/kineseologi-pernillehammer.dk\/#\/schema\/logo\/image\/"}}]}},"_links":{"self":[{"href":"https:\/\/kineseologi-pernillehammer.dk\/index.php?rest_route=\/wp\/v2\/pages\/360","targetHints":{"allow":["GET"]}}],"collection":[{"href":"https:\/\/kineseologi-pernillehammer.dk\/index.php?rest_route=\/wp\/v2\/pages"}],"about":[{"href":"https:\/\/kineseologi-pernillehammer.dk\/index.php?rest_route=\/wp\/v2\/types\/page"}],"author":[{"embeddable":true,"href":"https:\/\/kineseologi-pernillehammer.dk\/index.php?rest_route=\/wp\/v2\/users\/1"}],"replies":[{"embeddable":true,"href":"https:\/\/kineseologi-pernillehammer.dk\/index.php?rest_route=%2Fwp%2Fv2%2Fcomments&post=360"}],"version-history":[{"count":18,"href":"https:\/\/kineseologi-pernillehammer.dk\/index.php?rest_route=\/wp\/v2\/pages\/360\/revisions"}],"predecessor-version":[{"id":583,"href":"https:\/\/kineseologi-pernillehammer.dk\/index.php?rest_route=\/wp\/v2\/pages\/360\/revisions\/583"}],"wp:attachment":[{"href":"https:\/\/kineseologi-pernillehammer.dk\/index.php?rest_route=%2Fwp%2Fv2%2Fmedia&parent=360"}],"curies":[{"name":"wp","href":"https:\/\/api.w.org\/{rel}","templated":true}]}}