{"id":358,"date":"2025-04-19T10:09:44","date_gmt":"2025-04-19T10:09:44","guid":{"rendered":"http:\/\/kineseologi-pernillehammer.dk\/?page_id=358"},"modified":"2026-03-17T14:48:58","modified_gmt":"2026-03-17T14:48:58","slug":"om-mig","status":"publish","type":"page","link":"https:\/\/kineseologi-pernillehammer.dk\/?page_id=358","title":{"rendered":"Om mig"},"content":{"rendered":"<p>[et_pb_section fb_built=&#8221;1&#8243; admin_label=&#8221;Header&#8221; _builder_version=&#8221;4.27.4&#8243; _module_preset=&#8221;809422ef-d756-48b2-adc1-0235a5fa483c&#8221; background_image=&#8221;http:\/\/kineseologi-pernillehammer.dk\/wp-content\/uploads\/2025\/04\/IMG_2598.jpg&#8221; background_size=&#8221;stretch&#8221; custom_margin=&#8221;||||false|false&#8221; custom_padding=&#8221;7vw||7vw||true|false&#8221; collapsed=&#8221;on&#8221; global_colors_info=&#8221;{}&#8221;][et_pb_row column_structure=&#8221;1_2,1_2&#8243; _builder_version=&#8221;4.27.4&#8243; _module_preset=&#8221;default&#8221; custom_margin=&#8221;|auto|-78px|auto||&#8221; custom_padding=&#8221;||0px|||&#8221; global_colors_info=&#8221;{}&#8221;][et_pb_column type=&#8221;1_2&#8243; _builder_version=&#8221;4.27.4&#8243; _module_preset=&#8221;default&#8221; global_colors_info=&#8221;{}&#8221;][et_pb_heading title=&#8221;Om mig&#8221; _builder_version=&#8221;4.27.4&#8243; _module_preset=&#8221;296dc2b7-b1f1-4e40-9536-7f4232f99da0&#8243; title_level=&#8221;h2&#8243; title_text_color=&#8221;#FFFFFF&#8221; min_height=&#8221;17.8px&#8221; custom_margin=&#8221;||20px||false|false&#8221; global_colors_info=&#8221;{}&#8221;][\/et_pb_heading][\/et_pb_column][et_pb_column type=&#8221;1_2&#8243; _builder_version=&#8221;4.27.4&#8243; _module_preset=&#8221;default&#8221; global_colors_info=&#8221;{}&#8221;][\/et_pb_column][\/et_pb_row][\/et_pb_section][et_pb_section fb_built=&#8221;1&#8243; admin_label=&#8221;About&#8221; _builder_version=&#8221;4.27.4&#8243; _module_preset=&#8221;default&#8221; custom_padding=&#8221;83px|||||&#8221; collapsed=&#8221;on&#8221; global_colors_info=&#8221;{}&#8221;][et_pb_row column_structure=&#8221;1_4,1_4,1_2&#8243; use_custom_gutter=&#8221;on&#8221; gutter_width=&#8221;1&#8243; make_equal=&#8221;on&#8221; admin_label=&#8221;R\u00e6kke&#8221; _builder_version=&#8221;4.27.4&#8243; _module_preset=&#8221;default&#8221; custom_margin=&#8221;-1px|auto||auto||&#8221; custom_padding=&#8221;||0px||false|false&#8221; global_colors_info=&#8221;{}&#8221;][et_pb_column type=&#8221;1_4&#8243; _builder_version=&#8221;4.27.4&#8243; _module_preset=&#8221;default&#8221; global_colors_info=&#8221;{}&#8221;][\/et_pb_column][et_pb_column type=&#8221;1_4&#8243; _builder_version=&#8221;4.27.4&#8243; _module_preset=&#8221;default&#8221; background_image=&#8221;http:\/\/kineseologi-pernillehammer.dk\/wp-content\/uploads\/2025\/04\/IMG_5499.jpeg&#8221; border_radii=&#8221;off|10px|10px||&#8221; global_colors_info=&#8221;{}&#8221;][et_pb_divider show_divider=&#8221;off&#8221; _builder_version=&#8221;4.27.4&#8243; _module_preset=&#8221;default&#8221; height_tablet=&#8221;60vw&#8221; height_phone=&#8221;60vw&#8221; height_last_edited=&#8221;on|tablet&#8221; locked=&#8221;off&#8221; global_colors_info=&#8221;{}&#8221;][\/et_pb_divider][\/et_pb_column][et_pb_column type=&#8221;1_2&#8243; _builder_version=&#8221;4.27.4&#8243; _module_preset=&#8221;default&#8221; custom_padding=&#8221;80px||80px|60px|true|false&#8221; custom_padding_tablet=&#8221;|||0px|false|false&#8221; custom_padding_phone=&#8221;|||0px|false|false&#8221; custom_padding_last_edited=&#8221;on|tablet&#8221; global_colors_info=&#8221;{}&#8221;][et_pb_heading title=&#8221;%22L\u00e6ren om bev\u00e6gelse%22&#8243; _builder_version=&#8221;4.27.4&#8243; _module_preset=&#8221;16f985ee-26de-459e-8869-bd8ba12850ac&#8221; title_font=&#8221;||on||||||&#8221; max_width=&#8221;600px&#8221; global_colors_info=&#8221;{}&#8221;][\/et_pb_heading][\/et_pb_column][\/et_pb_row][et_pb_row column_structure=&#8221;1_2,1_2&#8243; use_custom_gutter=&#8221;on&#8221; gutter_width=&#8221;1&#8243; make_equal=&#8221;on&#8221; _builder_version=&#8221;4.27.4&#8243; _module_preset=&#8221;default&#8221; custom_padding=&#8221;0px||||false|false&#8221; global_colors_info=&#8221;{}&#8221;][et_pb_column type=&#8221;1_2&#8243; admin_label=&#8221;Kolonne&#8221; _builder_version=&#8221;4.27.4&#8243; _module_preset=&#8221;5310f44c-b75d-4738-a94d-b50d9ac74dc3&#8243; custom_padding=&#8221;5%|5%|5%|5%|true|true&#8221; border_radii=&#8221;off|10px|0px|0px|10px&#8221; border_radii_tablet=&#8221;off|10px|10px|0px|0px&#8221; border_radii_phone=&#8221;off|10px|10px|0px|0px&#8221; border_radii_last_edited=&#8221;on|tablet&#8221; global_colors_info=&#8221;{}&#8221;][et_pb_heading title=&#8221;Pernille Hammer&#8221; _builder_version=&#8221;4.27.4&#8243; _module_preset=&#8221;8b8d46bc-3f33-402a-ba37-14a21868c2b1&#8243; custom_margin=&#8221;||20px||false|false&#8221; global_colors_info=&#8221;{}&#8221;][\/et_pb_heading][et_pb_text _builder_version=&#8221;4.27.4&#8243; _module_preset=&#8221;default&#8221; global_colors_info=&#8221;{}&#8221;]<\/p>\n<p>Sygeplejerske igennem 30 \u00e5r og med de sidste 20 \u00e5r i almen praksis. Jeg har altid t\u00e6nkt holistisk og har en dyb tro p\u00e5, at sind og krop h\u00e6nger ul\u00f8seligt sammen. Og at de p\u00e5virkninger vi uds\u00e6ttes for livet igennem, b\u00e5de det udefrakommende milj\u00f8 og den mad vi putter i kroppen, giver ubalancer som smerter og psykisk stress.<\/p>\n<p>Jeg har altid interesseret mig for hvad maden g\u00f8r ved kroppen og har derfor uddannet mig til kostvejleder indenfor &#8220;mad som medicin&#8221; konceptet og har p\u00e5 egen krop m\u00e6rket betydningen af at, fodre din krop med gode byggesten. <br \/>Det var dog ikke helt nok syntes jeg, jeg har altid interesseret mig for kinesiologien og nu er jeg RAB godkendt kinesiolog.<\/p>\n<p>Da jeg selv fik flere behandlinger med kinesiologien m\u00e6rkede jeg en vild forvandling i min krop, min mave som jeg ALTID har haft problemer med kom i orden og mit psykiske velbefindende, har virkelig f\u00e5et et boost. Som andre der lever i en travl hverdag, med familie og fuldtids job og interesser ved siden af, har jeg ogs\u00e5 m\u00e6rket stressen puste mig i nakken. <br \/>Jeg har selv brugt det etablerede system uden at mine problemer blev kureret, derfor er kinesiologi en komplement\u00e6r behandlingsmetode, n\u00e5r det etablerede system har givet op.<\/p>\n<p>[\/et_pb_text][\/et_pb_column][et_pb_column type=&#8221;1_2&#8243; admin_label=&#8221;Kolonne&#8221; _builder_version=&#8221;4.27.4&#8243; _module_preset=&#8221;default&#8221; background_image=&#8221;http:\/\/kineseologi-pernillehammer.dk\/wp-content\/uploads\/2025\/04\/IMG_6326.jpeg&#8221; parallax=&#8221;on&#8221; border_radii=&#8221;off||10px|10px|&#8221; border_radii_tablet=&#8221;off||0px|10px|10px&#8221; border_radii_phone=&#8221;off||0px|10px|10px&#8221; border_radii_last_edited=&#8221;on|tablet&#8221; global_colors_info=&#8221;{}&#8221;][et_pb_divider show_divider=&#8221;off&#8221; admin_label=&#8221;Skillelinje&#8221; _builder_version=&#8221;4.27.4&#8243; _module_preset=&#8221;default&#8221; height_tablet=&#8221;40vw&#8221; height_phone=&#8221;40vw&#8221; height_last_edited=&#8221;on|desktop&#8221; custom_margin=&#8221;191px||34px|||&#8221; locked=&#8221;off&#8221; global_colors_info=&#8221;{}&#8221;][\/et_pb_divider][\/et_pb_column][\/et_pb_row][\/et_pb_section][et_pb_section fb_built=&#8221;1&#8243; admin_label=&#8221;Testimonials&#8221; _builder_version=&#8221;4.27.4&#8243; _module_preset=&#8221;default&#8221; collapsed=&#8221;on&#8221; global_colors_info=&#8221;{}&#8221;][et_pb_row _builder_version=&#8221;4.27.4&#8243; _module_preset=&#8221;default&#8221; global_colors_info=&#8221;{}&#8221;][et_pb_column type=&#8221;4_4&#8243; _builder_version=&#8221;4.27.4&#8243; _module_preset=&#8221;default&#8221; global_colors_info=&#8221;{}&#8221;][et_pb_heading title=&#8221;Succeshistorier&#8221; _builder_version=&#8221;4.27.4&#8243; _module_preset=&#8221;16f985ee-26de-459e-8869-bd8ba12850ac&#8221; global_colors_info=&#8221;{}&#8221;][\/et_pb_heading][\/et_pb_column][\/et_pb_row][et_pb_row column_structure=&#8221;1_3,1_3,1_3&#8243; use_custom_gutter=&#8221;on&#8221; gutter_width=&#8221;2&#8243; _builder_version=&#8221;4.27.4&#8243; _module_preset=&#8221;default&#8221; global_colors_info=&#8221;{}&#8221;][et_pb_column type=&#8221;1_3&#8243; _builder_version=&#8221;4.27.4&#8243; _module_preset=&#8221;5310f44c-b75d-4738-a94d-b50d9ac74dc3&#8243; global_colors_info=&#8221;{}&#8221;][et_pb_testimonial author=&#8221;Kundenavn&#8221; quote_icon=&#8221;off&#8221; _builder_version=&#8221;4.27.4&#8243; _module_preset=&#8221;32d94a62-6c6b-41d2-87e0-69e17d7eeb3b&#8221; custom_padding=&#8221;0px||||false|false&#8221; hover_enabled=&#8221;0&#8243; global_colors_info=&#8221;{}&#8221; sticky_enabled=&#8221;0&#8243;]<\/p>\n<p>\u201cXXX\u201d<\/p>\n<p>[\/et_pb_testimonial][\/et_pb_column][et_pb_column type=&#8221;1_3&#8243; _builder_version=&#8221;4.27.4&#8243; _module_preset=&#8221;5310f44c-b75d-4738-a94d-b50d9ac74dc3&#8243; global_colors_info=&#8221;{}&#8221;][et_pb_testimonial author=&#8221;Kundenavn&#8221; quote_icon=&#8221;off&#8221; _builder_version=&#8221;4.27.4&#8243; _module_preset=&#8221;32d94a62-6c6b-41d2-87e0-69e17d7eeb3b&#8221; custom_padding=&#8221;0px||||false|false&#8221; global_colors_info=&#8221;{}&#8221;]<\/p>\n<p>\u201cXXX\u201d<\/p>\n<p>[\/et_pb_testimonial][\/et_pb_column][et_pb_column type=&#8221;1_3&#8243; _builder_version=&#8221;4.27.4&#8243; _module_preset=&#8221;5310f44c-b75d-4738-a94d-b50d9ac74dc3&#8243; global_colors_info=&#8221;{}&#8221;][et_pb_testimonial author=&#8221;Kundenavn&#8221; quote_icon=&#8221;off&#8221; _builder_version=&#8221;4.27.4&#8243; _module_preset=&#8221;32d94a62-6c6b-41d2-87e0-69e17d7eeb3b&#8221; custom_padding=&#8221;0px||||false|false&#8221; global_colors_info=&#8221;{}&#8221;]<\/p>\n<p>&#8220;XXX&#8221;<\/p>\n<p>[\/et_pb_testimonial][\/et_pb_column][\/et_pb_row][\/et_pb_section]<\/p>\n","protected":false},"excerpt":{"rendered":"<p>Sygeplejerske igennem 30 \u00e5r og med de sidste 20 \u00e5r i almen praksis. Jeg har altid t\u00e6nkt holistisk og har en dyb tro p\u00e5, at sind og krop h\u00e6nger ul\u00f8seligt sammen. Og at de p\u00e5virkninger vi uds\u00e6ttes for livet igennem, b\u00e5de det udefrakommende milj\u00f8 og den mad vi putter i kroppen, giver ubalancer som smerter [&hellip;]<\/p>\n","protected":false},"author":1,"featured_media":0,"parent":0,"menu_order":0,"comment_status":"closed","ping_status":"closed","template":"","meta":{"_et_pb_use_builder":"on","_et_pb_old_content":"","_et_gb_content_width":"","footnotes":""},"class_list":["post-358","page","type-page","status-publish","hentry"],"yoast_head":"<!-- This site is optimized with the Yoast SEO plugin v27.1.1 - https:\/\/yoast.com\/product\/yoast-seo-wordpress\/ -->\n<title>Om mig - Kinesiologi ved Pernille Hammer<\/title>\n<meta name=\"robots\" content=\"index, follow, max-snippet:-1, max-image-preview:large, max-video-preview:-1\" \/>\n<link rel=\"canonical\" href=\"https:\/\/kineseologi-pernillehammer.dk\/?page_id=358\" \/>\n<meta property=\"og:locale\" content=\"da_DK\" \/>\n<meta property=\"og:type\" content=\"article\" \/>\n<meta property=\"og:title\" content=\"Om mig - Kinesiologi ved Pernille Hammer\" \/>\n<meta property=\"og:description\" content=\"Sygeplejerske igennem 30 \u00e5r og med de sidste 20 \u00e5r i almen praksis. Jeg har altid t\u00e6nkt holistisk og har en dyb tro p\u00e5, at sind og krop h\u00e6nger ul\u00f8seligt sammen. Og at de p\u00e5virkninger vi uds\u00e6ttes for livet igennem, b\u00e5de det udefrakommende milj\u00f8 og den mad vi putter i kroppen, giver ubalancer som smerter [&hellip;]\" \/>\n<meta property=\"og:url\" content=\"https:\/\/kineseologi-pernillehammer.dk\/?page_id=358\" \/>\n<meta property=\"og:site_name\" content=\"Kinesiologi ved Pernille Hammer\" \/>\n<meta property=\"article:modified_time\" content=\"2026-03-17T14:48:58+00:00\" \/>\n<meta name=\"twitter:card\" content=\"summary_large_image\" \/>\n<meta name=\"twitter:label1\" content=\"Estimeret l\u00e6setid\" \/>\n\t<meta name=\"twitter:data1\" content=\"5 minutter\" \/>\n<script type=\"application\/ld+json\" class=\"yoast-schema-graph\">{\"@context\":\"https:\/\/schema.org\",\"@graph\":[{\"@type\":\"WebPage\",\"@id\":\"https:\/\/kineseologi-pernillehammer.dk\/?page_id=358\",\"url\":\"https:\/\/kineseologi-pernillehammer.dk\/?page_id=358\",\"name\":\"Om mig - Kinesiologi ved Pernille Hammer\",\"isPartOf\":{\"@id\":\"https:\/\/kineseologi-pernillehammer.dk\/#website\"},\"datePublished\":\"2025-04-19T10:09:44+00:00\",\"dateModified\":\"2026-03-17T14:48:58+00:00\",\"breadcrumb\":{\"@id\":\"https:\/\/kineseologi-pernillehammer.dk\/?page_id=358#breadcrumb\"},\"inLanguage\":\"da-DK\",\"potentialAction\":[{\"@type\":\"ReadAction\",\"target\":[\"https:\/\/kineseologi-pernillehammer.dk\/?page_id=358\"]}]},{\"@type\":\"BreadcrumbList\",\"@id\":\"https:\/\/kineseologi-pernillehammer.dk\/?page_id=358#breadcrumb\",\"itemListElement\":[{\"@type\":\"ListItem\",\"position\":1,\"name\":\"Hjem\",\"item\":\"http:\/\/kineseologi-pernillehammer.dk\/\"},{\"@type\":\"ListItem\",\"position\":2,\"name\":\"Om mig\"}]},{\"@type\":\"WebSite\",\"@id\":\"https:\/\/kineseologi-pernillehammer.dk\/#website\",\"url\":\"https:\/\/kineseologi-pernillehammer.dk\/\",\"name\":\"Kinesiologi ved Pernille Hammer\",\"description\":\"Kinesiologi Nordjylland\",\"publisher\":{\"@id\":\"https:\/\/kineseologi-pernillehammer.dk\/#organization\"},\"potentialAction\":[{\"@type\":\"SearchAction\",\"target\":{\"@type\":\"EntryPoint\",\"urlTemplate\":\"https:\/\/kineseologi-pernillehammer.dk\/?s={search_term_string}\"},\"query-input\":{\"@type\":\"PropertyValueSpecification\",\"valueRequired\":true,\"valueName\":\"search_term_string\"}}],\"inLanguage\":\"da-DK\"},{\"@type\":\"Organization\",\"@id\":\"https:\/\/kineseologi-pernillehammer.dk\/#organization\",\"name\":\"Kinesiologi ved Pernille Hammer\",\"url\":\"https:\/\/kineseologi-pernillehammer.dk\/\",\"logo\":{\"@type\":\"ImageObject\",\"inLanguage\":\"da-DK\",\"@id\":\"https:\/\/kineseologi-pernillehammer.dk\/#\/schema\/logo\/image\/\",\"url\":\"https:\/\/kineseologi-pernillehammer.dk\/wp-content\/uploads\/2025\/04\/cropped-logo-kinesiologi-pernille-hammer-2.png\",\"contentUrl\":\"https:\/\/kineseologi-pernillehammer.dk\/wp-content\/uploads\/2025\/04\/cropped-logo-kinesiologi-pernille-hammer-2.png\",\"width\":512,\"height\":512,\"caption\":\"Kinesiologi ved Pernille Hammer\"},\"image\":{\"@id\":\"https:\/\/kineseologi-pernillehammer.dk\/#\/schema\/logo\/image\/\"}}]}<\/script>\n<!-- \/ Yoast SEO plugin. -->","yoast_head_json":{"title":"Om mig - Kinesiologi ved Pernille Hammer","robots":{"index":"index","follow":"follow","max-snippet":"max-snippet:-1","max-image-preview":"max-image-preview:large","max-video-preview":"max-video-preview:-1"},"canonical":"https:\/\/kineseologi-pernillehammer.dk\/?page_id=358","og_locale":"da_DK","og_type":"article","og_title":"Om mig - Kinesiologi ved Pernille Hammer","og_description":"Sygeplejerske igennem 30 \u00e5r og med de sidste 20 \u00e5r i almen praksis. Jeg har altid t\u00e6nkt holistisk og har en dyb tro p\u00e5, at sind og krop h\u00e6nger ul\u00f8seligt sammen. Og at de p\u00e5virkninger vi uds\u00e6ttes for livet igennem, b\u00e5de det udefrakommende milj\u00f8 og den mad vi putter i kroppen, giver ubalancer som smerter [&hellip;]","og_url":"https:\/\/kineseologi-pernillehammer.dk\/?page_id=358","og_site_name":"Kinesiologi ved Pernille Hammer","article_modified_time":"2026-03-17T14:48:58+00:00","twitter_card":"summary_large_image","twitter_misc":{"Estimeret l\u00e6setid":"5 minutter"},"schema":{"@context":"https:\/\/schema.org","@graph":[{"@type":"WebPage","@id":"https:\/\/kineseologi-pernillehammer.dk\/?page_id=358","url":"https:\/\/kineseologi-pernillehammer.dk\/?page_id=358","name":"Om mig - Kinesiologi ved Pernille Hammer","isPartOf":{"@id":"https:\/\/kineseologi-pernillehammer.dk\/#website"},"datePublished":"2025-04-19T10:09:44+00:00","dateModified":"2026-03-17T14:48:58+00:00","breadcrumb":{"@id":"https:\/\/kineseologi-pernillehammer.dk\/?page_id=358#breadcrumb"},"inLanguage":"da-DK","potentialAction":[{"@type":"ReadAction","target":["https:\/\/kineseologi-pernillehammer.dk\/?page_id=358"]}]},{"@type":"BreadcrumbList","@id":"https:\/\/kineseologi-pernillehammer.dk\/?page_id=358#breadcrumb","itemListElement":[{"@type":"ListItem","position":1,"name":"Hjem","item":"http:\/\/kineseologi-pernillehammer.dk\/"},{"@type":"ListItem","position":2,"name":"Om mig"}]},{"@type":"WebSite","@id":"https:\/\/kineseologi-pernillehammer.dk\/#website","url":"https:\/\/kineseologi-pernillehammer.dk\/","name":"Kinesiologi ved Pernille Hammer","description":"Kinesiologi Nordjylland","publisher":{"@id":"https:\/\/kineseologi-pernillehammer.dk\/#organization"},"potentialAction":[{"@type":"SearchAction","target":{"@type":"EntryPoint","urlTemplate":"https:\/\/kineseologi-pernillehammer.dk\/?s={search_term_string}"},"query-input":{"@type":"PropertyValueSpecification","valueRequired":true,"valueName":"search_term_string"}}],"inLanguage":"da-DK"},{"@type":"Organization","@id":"https:\/\/kineseologi-pernillehammer.dk\/#organization","name":"Kinesiologi ved Pernille Hammer","url":"https:\/\/kineseologi-pernillehammer.dk\/","logo":{"@type":"ImageObject","inLanguage":"da-DK","@id":"https:\/\/kineseologi-pernillehammer.dk\/#\/schema\/logo\/image\/","url":"https:\/\/kineseologi-pernillehammer.dk\/wp-content\/uploads\/2025\/04\/cropped-logo-kinesiologi-pernille-hammer-2.png","contentUrl":"https:\/\/kineseologi-pernillehammer.dk\/wp-content\/uploads\/2025\/04\/cropped-logo-kinesiologi-pernille-hammer-2.png","width":512,"height":512,"caption":"Kinesiologi ved Pernille Hammer"},"image":{"@id":"https:\/\/kineseologi-pernillehammer.dk\/#\/schema\/logo\/image\/"}}]}},"_links":{"self":[{"href":"https:\/\/kineseologi-pernillehammer.dk\/index.php?rest_route=\/wp\/v2\/pages\/358","targetHints":{"allow":["GET"]}}],"collection":[{"href":"https:\/\/kineseologi-pernillehammer.dk\/index.php?rest_route=\/wp\/v2\/pages"}],"about":[{"href":"https:\/\/kineseologi-pernillehammer.dk\/index.php?rest_route=\/wp\/v2\/types\/page"}],"author":[{"embeddable":true,"href":"https:\/\/kineseologi-pernillehammer.dk\/index.php?rest_route=\/wp\/v2\/users\/1"}],"replies":[{"embeddable":true,"href":"https:\/\/kineseologi-pernillehammer.dk\/index.php?rest_route=%2Fwp%2Fv2%2Fcomments&post=358"}],"version-history":[{"count":20,"href":"https:\/\/kineseologi-pernillehammer.dk\/index.php?rest_route=\/wp\/v2\/pages\/358\/revisions"}],"predecessor-version":[{"id":590,"href":"https:\/\/kineseologi-pernillehammer.dk\/index.php?rest_route=\/wp\/v2\/pages\/358\/revisions\/590"}],"wp:attachment":[{"href":"https:\/\/kineseologi-pernillehammer.dk\/index.php?rest_route=%2Fwp%2Fv2%2Fmedia&parent=358"}],"curies":[{"name":"wp","href":"https:\/\/api.w.org\/{rel}","templated":true}]}}