{"id":356,"date":"2025-04-19T10:09:44","date_gmt":"2025-04-19T10:09:44","guid":{"rendered":"http:\/\/kineseologi-pernillehammer.dk\/?page_id=356"},"modified":"2026-03-16T08:47:33","modified_gmt":"2026-03-16T08:47:33","slug":"forside","status":"publish","type":"page","link":"https:\/\/kineseologi-pernillehammer.dk\/","title":{"rendered":"Forside"},"content":{"rendered":"<p>[et_pb_section fb_built=&#8221;1&#8243; admin_label=&#8221;Sektion&#8221; _builder_version=&#8221;4.27.4&#8243; _module_preset=&#8221;default&#8221; background_image=&#8221;http:\/\/kineseologi-pernillehammer.dk\/wp-content\/uploads\/2025\/04\/IMG_2598.jpg&#8221; custom_padding=&#8221;5vw||5vw||true|false&#8221; hover_transition_duration=&#8221;0ms&#8221; sticky_position=&#8221;top&#8221; scroll_vertical_motion_enable=&#8221;on&#8221; scroll_vertical_motion=&#8221;0|57|57|100|4|0|-4&#8243; global_colors_info=&#8221;{}&#8221;][et_pb_row admin_label=&#8221;R\u00e6kke&#8221; _builder_version=&#8221;4.20.0&#8243; _module_preset=&#8221;default&#8221; global_colors_info=&#8221;{}&#8221;][et_pb_column type=&#8221;4_4&#8243; admin_label=&#8221;Kolonne&#8221; _builder_version=&#8221;4.20.0&#8243; _module_preset=&#8221;default&#8221; global_colors_info=&#8221;{}&#8221;][et_pb_text admin_label=&#8221;Tekst&#8221; _builder_version=&#8221;4.27.4&#8243; _module_preset=&#8221;_initial&#8221; text_font_size=&#8221;8px&#8221; header_font=&#8221;Merriweather|700||on|||||&#8221; header_text_align=&#8221;center&#8221; header_2_font=&#8221;Merriweather|700|||||||&#8221; header_2_text_color=&#8221;#FFFFFF&#8221; header_2_font_size=&#8221;75px&#8221; header_2_line_height=&#8221;1.2em&#8221; text_orientation=&#8221;center&#8221; header_2_font_size_tablet=&#8221;40px&#8221; header_2_font_size_phone=&#8221;24px&#8221; locked=&#8221;off&#8221; global_colors_info=&#8221;{%22gcid-c89f5116-e22d-4a85-9acd-d2301e8087e7%22:%91%22header_text_color%22%93}&#8221;]<\/p>\n<h1>Kinesiologi<\/h1>\n<h3>ved Pernille Hammer<\/h3>\n<p>[\/et_pb_text][et_pb_button button_url=&#8221;https:\/\/kineseologi-pernillehammer.dk\/?page_id=364&#8243; button_text=&#8221;BOOK EN TID&#8221; button_alignment=&#8221;center&#8221; _builder_version=&#8221;4.27.4&#8243; _module_preset=&#8221;_initial&#8221; custom_button=&#8221;on&#8221; button_text_size=&#8221;16px&#8221; button_use_icon=&#8221;off&#8221; background_layout=&#8221;dark&#8221; custom_padding=&#8221;16px|24px|16px|24px|true|true&#8221; global_colors_info=&#8221;{}&#8221;][\/et_pb_button][\/et_pb_column][\/et_pb_row][\/et_pb_section][et_pb_section fb_built=&#8221;1&#8243; admin_label=&#8221;Services&#8221; _builder_version=&#8221;4.27.4&#8243; _module_preset=&#8221;default&#8221; collapsed=&#8221;on&#8221; global_colors_info=&#8221;{}&#8221;][et_pb_row column_structure=&#8221;1_2,1_2&#8243; use_custom_gutter=&#8221;on&#8221; gutter_width=&#8221;2&#8243; make_equal=&#8221;on&#8221; admin_label=&#8221;R\u00e6kke&#8221; _builder_version=&#8221;4.20.0&#8243; _module_preset=&#8221;default&#8221; custom_padding=&#8221;||0px||false|false&#8221; global_colors_info=&#8221;{}&#8221;][et_pb_column type=&#8221;1_2&#8243; _builder_version=&#8221;4.20.0&#8243; _module_preset=&#8221;default&#8221; background_color=&#8221;#FFFFFF&#8221; custom_padding=&#8221;60px|60px|60px|60px|true|true&#8221; custom_padding_tablet=&#8221;30px|30px|30px|30px|true|true&#8221; custom_padding_phone=&#8221;20px|20px|20px|20px|true|true&#8221; custom_padding_last_edited=&#8221;on|desktop&#8221; global_colors_info=&#8221;{}&#8221; custom_padding__hover_enabled=&#8221;on|hover&#8221; custom_padding__hover=&#8221;50px||70px||false|true&#8221;][et_pb_blurb title=&#8221;Hvad er kinesiologi og hvorfor er det noget for dig ?&#8221; image=&#8221;http:\/\/kineseologi-pernillehammer.dk\/wp-content\/uploads\/2025\/04\/logo-kinesiologi-pernille-hammer.png&#8221; image_icon_width=&#8221;128px&#8221; _builder_version=&#8221;4.27.4&#8243; _module_preset=&#8221;_initial&#8221; header_font=&#8221;Merriweather|700|||||||&#8221; header_text_color=&#8221;gcid-c89f5116-e22d-4a85-9acd-d2301e8087e7&#8243; header_font_size=&#8221;24px&#8221; header_line_height=&#8221;1.4em&#8221; body_line_height=&#8221;1.6em&#8221; text_orientation=&#8221;center&#8221; header_font_size_tablet=&#8221;24px&#8221; header_font_size_phone=&#8221;15px&#8221; header_font_size_last_edited=&#8221;on|phone&#8221; locked=&#8221;off&#8221; global_colors_info=&#8221;{%22gcid-cc1e7daa-e7a2-44d1-a6d4-86221a549f5c%22:%91%22link_text_color%22,%22link_text_color%22%93,%22gcid-c89f5116-e22d-4a85-9acd-d2301e8087e7%22:%91%22header_4_text_color%22,%22header_4_text_color%22,%22header_text_color%22%93}&#8221; body_text_color__hover=&#8221;#666666&#8243; body_text_color__hover_enabled=&#8221;off|desktop&#8221;]<\/p>\n<p>Kinesiologi betyder \u201f L\u00e6ren om bev\u00e6gelse\u201f.<br \/>Kinesiologi er udviklet i USA af kiropraktorer, som har sammensat deres viden med \u00f8stens meridianl\u00e6re.<\/p>\n<p>Hvad er Meridianer?<\/p>\n<p>Meridianer er energibaner, bl.a. til vores muskler og organer, og de virker som el-ledninger til en lampe. Hvis der er brud p\u00e5 ledningerne, er der ingen lys i lampen. P\u00e5 samme m\u00e5de kommer der ingen energi til en muskel og\/eller et organ, hvis der er en blokering p\u00e5 den meridian, der er tilknyttet musklen\/organet.<\/p>\n<p>[\/et_pb_blurb][\/et_pb_column][et_pb_column type=&#8221;1_2&#8243; admin_label=&#8221;Kolonne&#8221; _builder_version=&#8221;4.20.0&#8243; _module_preset=&#8221;default&#8221; background_color=&#8221;gcid-cc1e7daa-e7a2-44d1-a6d4-86221a549f5c&#8221; custom_padding=&#8221;60px|60px|60px|60px|true|true&#8221; custom_padding_tablet=&#8221;30px|30px|30px|30px|true|true&#8221; custom_padding_phone=&#8221;20px|20px|20px|20px|true|true&#8221; custom_padding_last_edited=&#8221;on|desktop&#8221; global_colors_info=&#8221;{%22gcid-cc1e7daa-e7a2-44d1-a6d4-86221a549f5c%22:%91%22background_color%22%93}&#8221; custom_padding__hover=&#8221;50px||70px||false|true&#8221; custom_padding__hover_enabled=&#8221;on|desktop&#8221;][et_pb_blurb title=&#8221;Hvordan foreg\u00e5r det?&#8221; use_icon=&#8221;on&#8221; font_icon=&#8221;&#xf83e;||fa||900&#8243; image_icon_width=&#8221;128px&#8221; admin_label=&#8221;Bagsidetekst&#8221; _builder_version=&#8221;4.27.4&#8243; _module_preset=&#8221;_initial&#8221; header_font=&#8221;Merriweather|700|||||||&#8221; header_text_color=&#8221;#000000&#8243; header_font_size=&#8221;24px&#8221; header_line_height=&#8221;1.4em&#8221; body_text_color=&#8221;#000000&#8243; body_line_height=&#8221;1.6em&#8221; text_orientation=&#8221;center&#8221; header_font_size_tablet=&#8221;&#8221; header_font_size_phone=&#8221;&#8221; header_font_size_last_edited=&#8221;on|phone&#8221; locked=&#8221;off&#8221; global_colors_info=&#8221;{%22gcid-cc1e7daa-e7a2-44d1-a6d4-86221a549f5c%22:%91%22link_text_color%22%93,%22gcid-c89f5116-e22d-4a85-9acd-d2301e8087e7%22:%91%22header_4_text_color%22%93}&#8221; body_text_color__hover=&#8221;#FFFFFF&#8221; body_text_color__hover_enabled=&#8221;off|desktop&#8221;]<\/p>\n<p>I kinesiologi anvendes muskeltestning for at f\u00e5 en tilbagemelding\/feed-back fra kroppen om, hvor og hvordan den er i balance, og hvor og hvordan den er ude af balance.<\/p>\n<p>Man kan sammenligne muskeltestning med arbejdsgangen i en computer. Muskeltestning af en hver af kroppens meridianer kan give os et &#8220;computer udskrift&#8221; af kroppens indre status.<br \/>Derfor er det vigtigt at have et m\u00e5l med hvad du vil have ud af behandlingen og ved at afbalancere ud fra et bestemt m\u00e5l, kan man &#8220;slette &#8220;nogle gamle ubevidste programmeringer fra computerens hukommelse, det forst\u00e6rker behandlingen.<br \/>Under testen arbejdes der p\u00e5 det bevidste, underbevidste og kropbevidste plan for at afbalancere klienten, s\u00e5 han\/hun er i balance tankem\u00e6ssigt, f\u00f8lelsesm\u00e6ssigt og fysisk, og energien kan flyde frit.<\/p>\n<p>[\/et_pb_blurb][\/et_pb_column][\/et_pb_row][\/et_pb_section][et_pb_section fb_built=&#8221;1&#8243; admin_label=&#8221;Classes &#038; Services&#8221; _builder_version=&#8221;4.27.4&#8243; _module_preset=&#8221;default&#8221; collapsed=&#8221;on&#8221; global_colors_info=&#8221;{}&#8221;][et_pb_row admin_label=&#8221;R\u00e6kke&#8221; _builder_version=&#8221;4.27.4&#8243; _module_preset=&#8221;default&#8221; global_colors_info=&#8221;{}&#8221;][et_pb_column type=&#8221;4_4&#8243; admin_label=&#8221;Kolonne&#8221; _builder_version=&#8221;4.27.4&#8243; _module_preset=&#8221;default&#8221; global_colors_info=&#8221;{}&#8221;][et_pb_heading title=&#8221;Behandlinger&#8221; admin_label=&#8221;Tekst&#8221; _builder_version=&#8221;4.27.4&#8243; _module_preset=&#8221;16f985ee-26de-459e-8869-bd8ba12850ac&#8221; title_text_align=&#8221;center&#8221; title_font_size_tablet=&#8221;&#8221; title_font_size_phone=&#8221;&#8221; title_font_size_last_edited=&#8221;on|tablet&#8221; global_colors_info=&#8221;{}&#8221;][\/et_pb_heading][\/et_pb_column][\/et_pb_row][et_pb_row column_structure=&#8221;1_3,1_3,1_3&#8243; use_custom_gutter=&#8221;on&#8221; gutter_width=&#8221;2&#8243; make_equal=&#8221;on&#8221; _builder_version=&#8221;4.27.4&#8243; _module_preset=&#8221;default&#8221; global_colors_info=&#8221;{}&#8221;][et_pb_column type=&#8221;1_3&#8243; _builder_version=&#8221;4.27.4&#8243; _module_preset=&#8221;5310f44c-b75d-4738-a94d-b50d9ac74dc3&#8243; global_colors_info=&#8221;{}&#8221;][et_pb_blurb title=&#8221;Kinesiologisk behandling&#8221; use_icon=&#8221;on&#8221; font_icon=&#8221;&#xf4be;||fa||900&#8243; icon_placement=&#8221;top&#8221; _builder_version=&#8221;4.27.4&#8243; _module_preset=&#8221;f1f96a98-e684-49e2-bc38-43de6cb334cc&#8221; custom_margin=&#8221;|||-9px||&#8221; global_colors_info=&#8221;{}&#8221;]<\/p>\n<p>Mange muskel ubalancer stammer fra psykisk, kemisk stress og uforl\u00f8ste traumer F.eks fastl\u00e5ste f\u00f8lelser kan give uforklarlige fysiske symptomer som l\u00e6ndesmerter, sygedomsf\u00f8lelse og energil\u00f8shed og mave tarm forstyrrelser.<\/p>\n<p>Har du uforklarlige symptomer som muskelsmerter, allergi\/intolerancer, mave\/tarm problemer, ubalancer i nervesystemet. . Overv\u00e6gt, blodsukker ubalancer, spiseforstyrrelser eller uforklarlige funktionelle lidelser om det etablerede system ikke kan hj\u00e6lpe dig med s\u00e5\u00a0 kan et forl\u00f8b med kinesiologi hj\u00e6lpe dig med en ny vej fremad.<br \/>En behandling tager 1,5-2 timer.<\/p>\n<p>B\u00f8rn\/unge med indl\u00e6ringsvanskeligheder, eksamensangst, uro, adf\u00e6rdsudfordringer, allergier og uforklarlige maveproblemer kan hj\u00e6lpes med et forl\u00f8b med kinesiologi.<br \/>B\u00f8rn behandles p\u00e5 30- 60 min.<\/p>\n<p>&nbsp;<\/p>\n<p>[\/et_pb_blurb][\/et_pb_column][et_pb_column type=&#8221;1_3&#8243; _builder_version=&#8221;4.27.4&#8243; _module_preset=&#8221;5310f44c-b75d-4738-a94d-b50d9ac74dc3&#8243; global_colors_info=&#8221;{}&#8221;][et_pb_blurb title=&#8221;Reset-K\u00e6beafsp\u00e6nding&#8221; use_icon=&#8221;on&#8221; font_icon=&#8221;&#x38;||divi||400&#8243; icon_placement=&#8221;top&#8221; _builder_version=&#8221;4.27.4&#8243; _module_preset=&#8221;f1f96a98-e684-49e2-bc38-43de6cb334cc&#8221; custom_padding=&#8221;0px|||||&#8221; global_colors_info=&#8221;{}&#8221;]<\/p>\n<p>K\u00e6beleddets funktion p\u00e5virker hele kroppen,inklusiv kroppens skelet, muskler, nervesystem, meridiansystem og vandhydrering og\u00a0 kan v\u00e6re medvirkende til sp\u00e6ndinger og uro i kroppen.\u00a0<\/p>\n<p>\u00c5rsager: hvis du har v\u00e6ret ansp\u00e6ndt i livet ved stress s\u00e5 sp\u00e6nder vi k\u00e6berne for den &#8220;naturlige &#8221; kamp\/flugt reaktion. Mange tand bahandlinger\/operationer. Slag p\u00e5 k\u00e6berne, piskesm\u00e6ld. Dette stresser k\u00e6bemusklerne Mange mennesker sk\u00e6rer t\u00e6nder om natten som kan give sp\u00e6ndre musker i k\u00e6ben og klikkende k\u00e6beled<\/p>\n<p>\u00a0Symptomer som: Hyppig hovedpine, bihuleproblemer,\u00a0 nakke, b\u00e6kken og l\u00e6ndesmerter, gigtsymptomer, tinitus, maveproblemer, forstyrret s\u00f8vn.<\/p>\n<p>Unge med indl\u00e6ringsproblemer.<\/p>\n<p>Behandlingen foretages liggende og er meget afslappende og tager 1 -1,5 time.<\/p>\n<p>Der anbefales 2 behandlinger for fuld effekt.<\/p>\n<p>Pris: 1100 kr. for 2 behandlinger<\/p>\n<p>[\/et_pb_blurb][\/et_pb_column][et_pb_column type=&#8221;1_3&#8243; admin_label=&#8221;Kolonne&#8221; _builder_version=&#8221;4.27.4&#8243; _module_preset=&#8221;5310f44c-b75d-4738-a94d-b50d9ac74dc3&#8243; global_colors_info=&#8221;{}&#8221;][et_pb_blurb title=&#8221;Japansk Liftning&#8221; use_icon=&#8221;on&#8221; font_icon=&#8221;&#x5c;||divi||400&#8243; icon_placement=&#8221;top&#8221; _builder_version=&#8221;4.27.4&#8243; _module_preset=&#8221;f1f96a98-e684-49e2-bc38-43de6cb334cc&#8221; global_colors_info=&#8221;{}&#8221;]<\/p>\n<p>Japansk Lifting:<br \/>Facelift uden kemi. Behandlingen mindsker rynker og giver ansigtet et for\u00f8get velv\u00e6re og et mere ungdommeligt, sundt udseende.<br \/>Behandlingen udf\u00f8res via og med dybdeg\u00e5ende ansigtsmassage, der fokuserer p\u00e5 bestemte punkter og zoner i ansigtet. Desuden kombineres ansigtszoneterapi, akupressurer samt lymfedr\u00e6nage i denne effektive behandling.<br \/>Ved et intensivt forl\u00f8b med flere behandlinger over kort tid, kan vi g\u00e5 ind at arbejde med at reducere rynker og linier.<br \/>Poser, m\u00f8rke rande under \u00f8jnene og tunge \u00f8jenl\u00e5g vil ligeledes reduceres .Behandlingen \u00f8ger blodcirkulationen, fjerner affaldsstoffer, ilter v\u00e6v og stimulerer produktionen af kollagen og elastin. Jeg g\u00f8r brug af sugekop, Gua sha, jaderulle m.m, hvor der arbejdes med at forfine de mimiske linier, \u00f8ge collagen og elastin niveauet i v\u00e6vet samt at dr\u00e6nere ophobet v\u00e6ske, desuden en let \u00f8re, hals, nakke, arm og h\u00e5ndmassage.<br \/>Japansk Lifting har indflydelse p\u00e5 hele kroppen, da behandlingen indeholder stimulering af hele 24 akupunkturpunkter, som p\u00e5virker kroppens energisystem. Der arbejders prim\u00e6rt med de punkter, der har med organer, vores sind og vores energi at g\u00f8re. Der bruges teknikker der reducerer stresshormoner, vi s\u00e6tter gang i kroppens energisystemer og kredsl\u00f8b. Huden f\u00e5r et l\u00f8ft og bliv strammet op.<br \/>Hvis du har hovedpine, nakke- og k\u00e6besp\u00e6ndinger, vil du ogs\u00e5 opleve at dette forsvinder i l\u00f8bet af behandlingsforl\u00f8bet. Perfekt at kombinere med Reset.<br \/>Pris:550 kr. pr gang 4 gange for 2000 kr.<\/p>\n<p>[\/et_pb_blurb][\/et_pb_column][\/et_pb_row][\/et_pb_section]<\/p>\n","protected":false},"excerpt":{"rendered":"<p>Kinesiologi ved Pernille HammerKinesiologi betyder \u201f L\u00e6ren om bev\u00e6gelse\u201f.Kinesiologi er udviklet i USA af kiropraktorer, som har sammensat deres viden med \u00f8stens meridianl\u00e6re. Hvad er Meridianer? Meridianer er energibaner, bl.a. til vores muskler og organer, og de virker som el-ledninger til en lampe. Hvis der er brud p\u00e5 ledningerne, er der ingen lys i lampen. [&hellip;]<\/p>\n","protected":false},"author":1,"featured_media":0,"parent":0,"menu_order":0,"comment_status":"closed","ping_status":"closed","template":"","meta":{"_et_pb_use_builder":"on","_et_pb_old_content":"","_et_gb_content_width":"","footnotes":""},"class_list":["post-356","page","type-page","status-publish","hentry"],"yoast_head":"<!-- This site is optimized with the Yoast SEO plugin v27.1.1 - https:\/\/yoast.com\/product\/yoast-seo-wordpress\/ -->\n<title>kinesiologi ved Pernille Hammer - Frederikshavn<\/title>\n<meta name=\"description\" content=\"kinesiologi alternativ behandling med kroppen i fokus. Kontakt Pernille Hammer for kinesiologisk behandling.\" \/>\n<meta name=\"robots\" content=\"index, follow, max-snippet:-1, max-image-preview:large, max-video-preview:-1\" \/>\n<link rel=\"canonical\" href=\"http:\/\/kineseologi-pernillehammer.dk\/\" \/>\n<meta property=\"og:locale\" content=\"da_DK\" \/>\n<meta property=\"og:type\" content=\"article\" \/>\n<meta property=\"og:title\" content=\"kinesiologi ved Pernille Hammer - Frederikshavn\" \/>\n<meta property=\"og:description\" content=\"kinesiologi alternativ behandling med kroppen i fokus. Kontakt Pernille Hammer for kinesiologisk behandling.\" \/>\n<meta property=\"og:url\" content=\"http:\/\/kineseologi-pernillehammer.dk\/\" \/>\n<meta property=\"og:site_name\" content=\"Kinesiologi ved Pernille Hammer\" \/>\n<meta property=\"article:modified_time\" content=\"2026-03-16T08:47:33+00:00\" \/>\n<meta name=\"twitter:card\" content=\"summary_large_image\" \/>\n<meta name=\"twitter:label1\" content=\"Estimeret l\u00e6setid\" \/>\n\t<meta name=\"twitter:data1\" content=\"4 minutter\" \/>\n<script type=\"application\/ld+json\" class=\"yoast-schema-graph\">{\"@context\":\"https:\/\/schema.org\",\"@graph\":[{\"@type\":\"WebPage\",\"@id\":\"http:\/\/kineseologi-pernillehammer.dk\/\",\"url\":\"http:\/\/kineseologi-pernillehammer.dk\/\",\"name\":\"kinesiologi ved Pernille Hammer - Frederikshavn\",\"isPartOf\":{\"@id\":\"https:\/\/kineseologi-pernillehammer.dk\/#website\"},\"datePublished\":\"2025-04-19T10:09:44+00:00\",\"dateModified\":\"2026-03-16T08:47:33+00:00\",\"description\":\"kinesiologi alternativ behandling med kroppen i fokus. Kontakt Pernille Hammer for kinesiologisk behandling.\",\"breadcrumb\":{\"@id\":\"http:\/\/kineseologi-pernillehammer.dk\/#breadcrumb\"},\"inLanguage\":\"da-DK\",\"potentialAction\":[{\"@type\":\"ReadAction\",\"target\":[\"http:\/\/kineseologi-pernillehammer.dk\/\"]}]},{\"@type\":\"BreadcrumbList\",\"@id\":\"http:\/\/kineseologi-pernillehammer.dk\/#breadcrumb\",\"itemListElement\":[{\"@type\":\"ListItem\",\"position\":1,\"name\":\"Hjem\",\"item\":\"http:\/\/kineseologi-pernillehammer.dk\/\"},{\"@type\":\"ListItem\",\"position\":2,\"name\":\"Forside\"}]},{\"@type\":\"WebSite\",\"@id\":\"https:\/\/kineseologi-pernillehammer.dk\/#website\",\"url\":\"https:\/\/kineseologi-pernillehammer.dk\/\",\"name\":\"Kinesiologi ved Pernille Hammer\",\"description\":\"Kinesiologi Nordjylland\",\"publisher\":{\"@id\":\"https:\/\/kineseologi-pernillehammer.dk\/#organization\"},\"potentialAction\":[{\"@type\":\"SearchAction\",\"target\":{\"@type\":\"EntryPoint\",\"urlTemplate\":\"https:\/\/kineseologi-pernillehammer.dk\/?s={search_term_string}\"},\"query-input\":{\"@type\":\"PropertyValueSpecification\",\"valueRequired\":true,\"valueName\":\"search_term_string\"}}],\"inLanguage\":\"da-DK\"},{\"@type\":\"Organization\",\"@id\":\"https:\/\/kineseologi-pernillehammer.dk\/#organization\",\"name\":\"Kinesiologi ved Pernille Hammer\",\"url\":\"https:\/\/kineseologi-pernillehammer.dk\/\",\"logo\":{\"@type\":\"ImageObject\",\"inLanguage\":\"da-DK\",\"@id\":\"https:\/\/kineseologi-pernillehammer.dk\/#\/schema\/logo\/image\/\",\"url\":\"https:\/\/kineseologi-pernillehammer.dk\/wp-content\/uploads\/2025\/04\/cropped-logo-kinesiologi-pernille-hammer-2.png\",\"contentUrl\":\"https:\/\/kineseologi-pernillehammer.dk\/wp-content\/uploads\/2025\/04\/cropped-logo-kinesiologi-pernille-hammer-2.png\",\"width\":512,\"height\":512,\"caption\":\"Kinesiologi ved Pernille Hammer\"},\"image\":{\"@id\":\"https:\/\/kineseologi-pernillehammer.dk\/#\/schema\/logo\/image\/\"}}]}<\/script>\n<!-- \/ Yoast SEO plugin. -->","yoast_head_json":{"title":"kinesiologi ved Pernille Hammer - Frederikshavn","description":"kinesiologi alternativ behandling med kroppen i fokus. Kontakt Pernille Hammer for kinesiologisk behandling.","robots":{"index":"index","follow":"follow","max-snippet":"max-snippet:-1","max-image-preview":"max-image-preview:large","max-video-preview":"max-video-preview:-1"},"canonical":"http:\/\/kineseologi-pernillehammer.dk\/","og_locale":"da_DK","og_type":"article","og_title":"kinesiologi ved Pernille Hammer - Frederikshavn","og_description":"kinesiologi alternativ behandling med kroppen i fokus. Kontakt Pernille Hammer for kinesiologisk behandling.","og_url":"http:\/\/kineseologi-pernillehammer.dk\/","og_site_name":"Kinesiologi ved Pernille Hammer","article_modified_time":"2026-03-16T08:47:33+00:00","twitter_card":"summary_large_image","twitter_misc":{"Estimeret l\u00e6setid":"4 minutter"},"schema":{"@context":"https:\/\/schema.org","@graph":[{"@type":"WebPage","@id":"http:\/\/kineseologi-pernillehammer.dk\/","url":"http:\/\/kineseologi-pernillehammer.dk\/","name":"kinesiologi ved Pernille Hammer - Frederikshavn","isPartOf":{"@id":"https:\/\/kineseologi-pernillehammer.dk\/#website"},"datePublished":"2025-04-19T10:09:44+00:00","dateModified":"2026-03-16T08:47:33+00:00","description":"kinesiologi alternativ behandling med kroppen i fokus. Kontakt Pernille Hammer for kinesiologisk behandling.","breadcrumb":{"@id":"http:\/\/kineseologi-pernillehammer.dk\/#breadcrumb"},"inLanguage":"da-DK","potentialAction":[{"@type":"ReadAction","target":["http:\/\/kineseologi-pernillehammer.dk\/"]}]},{"@type":"BreadcrumbList","@id":"http:\/\/kineseologi-pernillehammer.dk\/#breadcrumb","itemListElement":[{"@type":"ListItem","position":1,"name":"Hjem","item":"http:\/\/kineseologi-pernillehammer.dk\/"},{"@type":"ListItem","position":2,"name":"Forside"}]},{"@type":"WebSite","@id":"https:\/\/kineseologi-pernillehammer.dk\/#website","url":"https:\/\/kineseologi-pernillehammer.dk\/","name":"Kinesiologi ved Pernille Hammer","description":"Kinesiologi Nordjylland","publisher":{"@id":"https:\/\/kineseologi-pernillehammer.dk\/#organization"},"potentialAction":[{"@type":"SearchAction","target":{"@type":"EntryPoint","urlTemplate":"https:\/\/kineseologi-pernillehammer.dk\/?s={search_term_string}"},"query-input":{"@type":"PropertyValueSpecification","valueRequired":true,"valueName":"search_term_string"}}],"inLanguage":"da-DK"},{"@type":"Organization","@id":"https:\/\/kineseologi-pernillehammer.dk\/#organization","name":"Kinesiologi ved Pernille Hammer","url":"https:\/\/kineseologi-pernillehammer.dk\/","logo":{"@type":"ImageObject","inLanguage":"da-DK","@id":"https:\/\/kineseologi-pernillehammer.dk\/#\/schema\/logo\/image\/","url":"https:\/\/kineseologi-pernillehammer.dk\/wp-content\/uploads\/2025\/04\/cropped-logo-kinesiologi-pernille-hammer-2.png","contentUrl":"https:\/\/kineseologi-pernillehammer.dk\/wp-content\/uploads\/2025\/04\/cropped-logo-kinesiologi-pernille-hammer-2.png","width":512,"height":512,"caption":"Kinesiologi ved Pernille Hammer"},"image":{"@id":"https:\/\/kineseologi-pernillehammer.dk\/#\/schema\/logo\/image\/"}}]}},"_links":{"self":[{"href":"https:\/\/kineseologi-pernillehammer.dk\/index.php?rest_route=\/wp\/v2\/pages\/356","targetHints":{"allow":["GET"]}}],"collection":[{"href":"https:\/\/kineseologi-pernillehammer.dk\/index.php?rest_route=\/wp\/v2\/pages"}],"about":[{"href":"https:\/\/kineseologi-pernillehammer.dk\/index.php?rest_route=\/wp\/v2\/types\/page"}],"author":[{"embeddable":true,"href":"https:\/\/kineseologi-pernillehammer.dk\/index.php?rest_route=\/wp\/v2\/users\/1"}],"replies":[{"embeddable":true,"href":"https:\/\/kineseologi-pernillehammer.dk\/index.php?rest_route=%2Fwp%2Fv2%2Fcomments&post=356"}],"version-history":[{"count":23,"href":"https:\/\/kineseologi-pernillehammer.dk\/index.php?rest_route=\/wp\/v2\/pages\/356\/revisions"}],"predecessor-version":[{"id":562,"href":"https:\/\/kineseologi-pernillehammer.dk\/index.php?rest_route=\/wp\/v2\/pages\/356\/revisions\/562"}],"wp:attachment":[{"href":"https:\/\/kineseologi-pernillehammer.dk\/index.php?rest_route=%2Fwp%2Fv2%2Fmedia&parent=356"}],"curies":[{"name":"wp","href":"https:\/\/api.w.org\/{rel}","templated":true}]}}